{"id":12576,"date":"2022-01-20T15:39:52","date_gmt":"2022-01-20T14:39:52","guid":{"rendered":"https:\/\/www.hellweg-badsysteme.de\/infoteka\/ke-stazeni\/unternehmensflyer\/"},"modified":"2022-12-14T10:18:44","modified_gmt":"2022-12-14T09:18:44","slug":"unternehmensflyer","status":"publish","type":"page","link":"https:\/\/www.hellweg-badsysteme.de\/cs\/infoteka\/ke-stazeni\/unternehmensflyer\/","title":{"rendered":"Unternehmensflyer interaktiv"},"content":{"rendered":"<section class=\"wpb-content-wrapper\">[vc_row full_width=&#8220;stretch_row_content_no_spaces&#8220; el_class=&#8220;main-header&#8220; css=&#8220;.vc_custom_1622529081346{margin-top: -56px !important;}&#8220;][vc_column][vc_gallery type=&#8220;nivo&#8220; interval=&#8220;3&#8243; images=&#8220;664,2482,662,652,651,649,648&#8243; img_size=&#8220;full&#8220; onclick=&#8220;&#8220; el_class=&#8220;hero-bg&#8220;][\/vc_column][\/vc_row][vc_row full_width=&#8220;stretch_row_content_no_spaces&#8220;][vc_column][vc_empty_space height=&#8220;60px&#8220;][\/vc_column][\/vc_row][vc_row][vc_column][vc_custom_heading text=&#8220;Download&#8220; font_container=&#8220;tag:p|text_align:left&#8220; use_theme_fonts=&#8220;yes&#8220; el_class=&#8220;tag&#8220;][vc_custom_heading text=&#8220;Firemn\u00ed prospekt&#8220; font_container=&#8220;tag:h3|text_align:left&#8220; use_theme_fonts=&#8220;yes&#8220;][vc_column_text]S kvalifikovan\u00fdmi zam\u011bstnanci a detailn\u00edmi znalostmi proces\u016f pl\u00e1nujeme a realizujeme projekty na lok\u00e1ln\u00ed i mezin\u00e1rodn\u00ed \u00farovni.<\/p>\n<p><a href=\"\/wp-content\/uploads\/2022\/01\/HBS_Praesentation_DE.pdf\">St\u00e1hn\u011bte si firemn\u00ed let\u00e1k<\/a>[\/vc_column_text][\/vc_column][\/vc_row][vc_row full_width=&#8220;stretch_row_content_no_spaces&#8220;][vc_column][vc_raw_html]JTVCM2QtZmxpcC1ib29rJTIwaWQlM0QlMjIxMDA5NSUyMiUyMCU1RCU1QiUyRjNkLWZsaXAtYm9vayU1RA==[\/vc_raw_html][\/vc_column][\/vc_row][vc_row][vc_column][vc_empty_space height=&#8220;80px&#8220;][\/vc_column][\/vc_row]\n<\/section>","protected":false},"excerpt":{"rendered":"<p>[vc_row full_width=&#8220;stretch_row_content_no_spaces&#8220; el_class=&#8220;main-header&#8220; css=&#8220;.vc_custom_1622529081346{margin-top: -56px !important;}&#8220;][vc_column][vc_gallery type=&#8220;nivo&#8220; interval=&#8220;3&#8243; images=&#8220;664,2482,662,652,651,649,648&#8243; img_size=&#8220;full&#8220; onclick=&#8220;&#8220; el_class=&#8220;hero-bg&#8220;][\/vc_column][\/vc_row][vc_row full_width=&#8220;stretch_row_content_no_spaces&#8220;][vc_column][vc_empty_space height=&#8220;60px&#8220;][\/vc_column][\/vc_row][vc_row][vc_column][vc_custom_heading text=&#8220;Download&#8220; font_container=&#8220;tag:p|text_align:left&#8220; use_theme_fonts=&#8220;yes&#8220; el_class=&#8220;tag&#8220;][vc_custom_heading text=&#8220;Firemn\u00ed prospekt&#8220; font_container=&#8220;tag:h3|text_align:left&#8220; use_theme_fonts=&#8220;yes&#8220;][vc_column_text]S kvalifikovan\u00fdmi zam\u011bstnanci a detailn\u00edmi znalostmi proces\u016f pl\u00e1nujeme a realizujeme projekty na lok\u00e1ln\u00ed i mezin\u00e1rodn\u00ed \u00farovni. St\u00e1hn\u011bte si firemn\u00ed let\u00e1k[\/vc_column_text][\/vc_column][\/vc_row][vc_row full_width=&#8220;stretch_row_content_no_spaces&#8220;][vc_column][vc_raw_html]JTVCM2QtZmxpcC1ib29rJTIwaWQlM0QlMjIxMDA5NSUyMiUyMCU1RCU1QiUyRjNkLWZsaXAtYm9vayU1RA==[\/vc_raw_html][\/vc_column][\/vc_row][vc_row][vc_column][vc_empty_space height=&#8220;80px&#8220;][\/vc_column][\/vc_row]<\/p>\n","protected":false},"author":14,"featured_media":0,"parent":12570,"menu_order":0,"comment_status":"closed","ping_status":"closed","template":"pagenew.php","meta":{"_acf_changed":false,"footnotes":""},"class_list":["post-12576","page","type-page","status-publish","hentry"],"acf":[],"yoast_head":"<!-- This site is optimized with the Yoast SEO plugin v23.8 - https:\/\/yoast.com\/wordpress\/plugins\/seo\/ -->\n<title>Unternehmensflyer interaktiv - HBS Hellweg-Badsysteme GmbH<\/title>\n<meta name=\"robots\" content=\"index, follow, max-snippet:-1, max-image-preview:large, max-video-preview:-1\" \/>\n<link rel=\"canonical\" href=\"https:\/\/www.hellweg-badsysteme.de\/cs\/infoteka\/ke-stazeni\/unternehmensflyer\/\" \/>\n<meta property=\"og:locale\" content=\"cs_CZ\" \/>\n<meta property=\"og:type\" content=\"article\" \/>\n<meta property=\"og:title\" content=\"Unternehmensflyer interaktiv - HBS Hellweg-Badsysteme GmbH\" \/>\n<meta property=\"og:description\" content=\"[vc_row full_width=&#8220;stretch_row_content_no_spaces&#8220; el_class=&#8220;main-header&#8220; css=&#8220;.vc_custom_1622529081346{margin-top: -56px !important;}&#8220;][vc_column][vc_gallery type=&#8220;nivo&#8220; interval=&#8220;3&#8243; images=&#8220;664,2482,662,652,651,649,648&#8243; img_size=&#8220;full&#8220; onclick=&#8220;&#8220; el_class=&#8220;hero-bg&#8220;][\/vc_column][\/vc_row][vc_row full_width=&#8220;stretch_row_content_no_spaces&#8220;][vc_column][vc_empty_space height=&#8220;60px&#8220;][\/vc_column][\/vc_row][vc_row][vc_column][vc_custom_heading text=&#8220;Download&#8220; font_container=&#8220;tag:p|text_align:left&#8220; use_theme_fonts=&#8220;yes&#8220; el_class=&#8220;tag&#8220;][vc_custom_heading text=&#8220;Firemn\u00ed prospekt&#8220; font_container=&#8220;tag:h3|text_align:left&#8220; use_theme_fonts=&#8220;yes&#8220;][vc_column_text]S kvalifikovan\u00fdmi zam\u011bstnanci a detailn\u00edmi znalostmi proces\u016f pl\u00e1nujeme a realizujeme projekty na lok\u00e1ln\u00ed i mezin\u00e1rodn\u00ed \u00farovni. St\u00e1hn\u011bte si firemn\u00ed let\u00e1k[\/vc_column_text][\/vc_column][\/vc_row][vc_row full_width=&#8220;stretch_row_content_no_spaces&#8220;][vc_column][vc_raw_html]JTVCM2QtZmxpcC1ib29rJTIwaWQlM0QlMjIxMDA5NSUyMiUyMCU1RCU1QiUyRjNkLWZsaXAtYm9vayU1RA==[\/vc_raw_html][\/vc_column][\/vc_row][vc_row][vc_column][vc_empty_space height=&#8220;80px&#8220;][\/vc_column][\/vc_row]\" \/>\n<meta property=\"og:url\" content=\"https:\/\/www.hellweg-badsysteme.de\/cs\/infoteka\/ke-stazeni\/unternehmensflyer\/\" \/>\n<meta property=\"og:site_name\" content=\"HBS Hellweg-Badsysteme GmbH\" \/>\n<meta property=\"article:publisher\" content=\"https:\/\/business.facebook.com\/hebergerbau\/\" \/>\n<meta property=\"article:modified_time\" content=\"2022-12-14T09:18:44+00:00\" \/>\n<meta name=\"twitter:card\" content=\"summary_large_image\" \/>\n<meta name=\"twitter:site\" content=\"@HEBERGER_Gruppe\" \/>\n<meta name=\"twitter:label1\" content=\"Odhadovan\u00e1 doba \u010dten\u00ed\" \/>\n\t<meta name=\"twitter:data1\" content=\"1 minuta\" \/>\n<script type=\"application\/ld+json\" class=\"yoast-schema-graph\">{\"@context\":\"https:\/\/schema.org\",\"@graph\":[{\"@type\":\"WebPage\",\"@id\":\"https:\/\/www.hellweg-badsysteme.de\/cs\/infoteka\/ke-stazeni\/unternehmensflyer\/\",\"url\":\"https:\/\/www.hellweg-badsysteme.de\/cs\/infoteka\/ke-stazeni\/unternehmensflyer\/\",\"name\":\"Unternehmensflyer interaktiv - HBS Hellweg-Badsysteme GmbH\",\"isPartOf\":{\"@id\":\"https:\/\/www.hellweg-badsysteme.de\/cs\/#website\"},\"datePublished\":\"2022-01-20T14:39:52+00:00\",\"dateModified\":\"2022-12-14T09:18:44+00:00\",\"breadcrumb\":{\"@id\":\"https:\/\/www.hellweg-badsysteme.de\/cs\/infoteka\/ke-stazeni\/unternehmensflyer\/#breadcrumb\"},\"inLanguage\":\"cs\",\"potentialAction\":[{\"@type\":\"ReadAction\",\"target\":[\"https:\/\/www.hellweg-badsysteme.de\/cs\/infoteka\/ke-stazeni\/unternehmensflyer\/\"]}]},{\"@type\":\"BreadcrumbList\",\"@id\":\"https:\/\/www.hellweg-badsysteme.de\/cs\/infoteka\/ke-stazeni\/unternehmensflyer\/#breadcrumb\",\"itemListElement\":[{\"@type\":\"ListItem\",\"position\":1,\"name\":\"Startseite\",\"item\":\"https:\/\/www.hellweg-badsysteme.de\/cs\/\"},{\"@type\":\"ListItem\",\"position\":2,\"name\":\"Infot\u00e9ka\",\"item\":\"https:\/\/www.hellweg-badsysteme.de\/cs\/infoteka\/\"},{\"@type\":\"ListItem\",\"position\":3,\"name\":\"Ke sta\u017een\u00ed\",\"item\":\"https:\/\/www.hellweg-badsysteme.de\/cs\/infoteka\/ke-stazeni\/\"},{\"@type\":\"ListItem\",\"position\":4,\"name\":\"Unternehmensflyer interaktiv\"}]},{\"@type\":\"WebSite\",\"@id\":\"https:\/\/www.hellweg-badsysteme.de\/cs\/#website\",\"url\":\"https:\/\/www.hellweg-badsysteme.de\/cs\/\",\"name\":\"HBS Hellweg-Badsysteme GmbH\",\"description\":\"Wir vertreiben europaweit Fertigb\u00e4der in allen Ausf\u00fchrungen \u2013 von einfach bis luxuri\u00f6s.\",\"publisher\":{\"@id\":\"https:\/\/www.hellweg-badsysteme.de\/cs\/#organization\"},\"potentialAction\":[{\"@type\":\"SearchAction\",\"target\":{\"@type\":\"EntryPoint\",\"urlTemplate\":\"https:\/\/www.hellweg-badsysteme.de\/cs\/?s={search_term_string}\"},\"query-input\":{\"@type\":\"PropertyValueSpecification\",\"valueRequired\":true,\"valueName\":\"search_term_string\"}}],\"inLanguage\":\"cs\"},{\"@type\":\"Organization\",\"@id\":\"https:\/\/www.hellweg-badsysteme.de\/cs\/#organization\",\"name\":\"Hellweg Badsysteme\",\"url\":\"https:\/\/www.hellweg-badsysteme.de\/cs\/\",\"logo\":{\"@type\":\"ImageObject\",\"inLanguage\":\"cs\",\"@id\":\"https:\/\/www.hellweg-badsysteme.de\/cs\/#\/schema\/logo\/image\/\",\"url\":\"https:\/\/www.hellweg-badsysteme.de\/wp-content\/uploads\/2022\/04\/HBS_final.png\",\"contentUrl\":\"https:\/\/www.hellweg-badsysteme.de\/wp-content\/uploads\/2022\/04\/HBS_final.png\",\"width\":2147,\"height\":356,\"caption\":\"Hellweg Badsysteme\"},\"image\":{\"@id\":\"https:\/\/www.hellweg-badsysteme.de\/cs\/#\/schema\/logo\/image\/\"},\"sameAs\":[\"https:\/\/business.facebook.com\/hebergerbau\/\",\"https:\/\/x.com\/HEBERGER_Gruppe\"]}]}<\/script>\n<!-- \/ Yoast SEO plugin. -->","yoast_head_json":{"title":"Unternehmensflyer interaktiv - HBS Hellweg-Badsysteme GmbH","robots":{"index":"index","follow":"follow","max-snippet":"max-snippet:-1","max-image-preview":"max-image-preview:large","max-video-preview":"max-video-preview:-1"},"canonical":"https:\/\/www.hellweg-badsysteme.de\/cs\/infoteka\/ke-stazeni\/unternehmensflyer\/","og_locale":"cs_CZ","og_type":"article","og_title":"Unternehmensflyer interaktiv - HBS Hellweg-Badsysteme GmbH","og_description":"[vc_row full_width=&#8220;stretch_row_content_no_spaces&#8220; el_class=&#8220;main-header&#8220; css=&#8220;.vc_custom_1622529081346{margin-top: -56px !important;}&#8220;][vc_column][vc_gallery type=&#8220;nivo&#8220; interval=&#8220;3&#8243; images=&#8220;664,2482,662,652,651,649,648&#8243; img_size=&#8220;full&#8220; onclick=&#8220;&#8220; el_class=&#8220;hero-bg&#8220;][\/vc_column][\/vc_row][vc_row full_width=&#8220;stretch_row_content_no_spaces&#8220;][vc_column][vc_empty_space height=&#8220;60px&#8220;][\/vc_column][\/vc_row][vc_row][vc_column][vc_custom_heading text=&#8220;Download&#8220; font_container=&#8220;tag:p|text_align:left&#8220; use_theme_fonts=&#8220;yes&#8220; el_class=&#8220;tag&#8220;][vc_custom_heading text=&#8220;Firemn\u00ed prospekt&#8220; font_container=&#8220;tag:h3|text_align:left&#8220; use_theme_fonts=&#8220;yes&#8220;][vc_column_text]S kvalifikovan\u00fdmi zam\u011bstnanci a detailn\u00edmi znalostmi proces\u016f pl\u00e1nujeme a realizujeme projekty na lok\u00e1ln\u00ed i mezin\u00e1rodn\u00ed \u00farovni. St\u00e1hn\u011bte si firemn\u00ed let\u00e1k[\/vc_column_text][\/vc_column][\/vc_row][vc_row full_width=&#8220;stretch_row_content_no_spaces&#8220;][vc_column][vc_raw_html]JTVCM2QtZmxpcC1ib29rJTIwaWQlM0QlMjIxMDA5NSUyMiUyMCU1RCU1QiUyRjNkLWZsaXAtYm9vayU1RA==[\/vc_raw_html][\/vc_column][\/vc_row][vc_row][vc_column][vc_empty_space height=&#8220;80px&#8220;][\/vc_column][\/vc_row]","og_url":"https:\/\/www.hellweg-badsysteme.de\/cs\/infoteka\/ke-stazeni\/unternehmensflyer\/","og_site_name":"HBS Hellweg-Badsysteme GmbH","article_publisher":"https:\/\/business.facebook.com\/hebergerbau\/","article_modified_time":"2022-12-14T09:18:44+00:00","twitter_card":"summary_large_image","twitter_site":"@HEBERGER_Gruppe","twitter_misc":{"Odhadovan\u00e1 doba \u010dten\u00ed":"1 minuta"},"schema":{"@context":"https:\/\/schema.org","@graph":[{"@type":"WebPage","@id":"https:\/\/www.hellweg-badsysteme.de\/cs\/infoteka\/ke-stazeni\/unternehmensflyer\/","url":"https:\/\/www.hellweg-badsysteme.de\/cs\/infoteka\/ke-stazeni\/unternehmensflyer\/","name":"Unternehmensflyer interaktiv - HBS Hellweg-Badsysteme GmbH","isPartOf":{"@id":"https:\/\/www.hellweg-badsysteme.de\/cs\/#website"},"datePublished":"2022-01-20T14:39:52+00:00","dateModified":"2022-12-14T09:18:44+00:00","breadcrumb":{"@id":"https:\/\/www.hellweg-badsysteme.de\/cs\/infoteka\/ke-stazeni\/unternehmensflyer\/#breadcrumb"},"inLanguage":"cs","potentialAction":[{"@type":"ReadAction","target":["https:\/\/www.hellweg-badsysteme.de\/cs\/infoteka\/ke-stazeni\/unternehmensflyer\/"]}]},{"@type":"BreadcrumbList","@id":"https:\/\/www.hellweg-badsysteme.de\/cs\/infoteka\/ke-stazeni\/unternehmensflyer\/#breadcrumb","itemListElement":[{"@type":"ListItem","position":1,"name":"Startseite","item":"https:\/\/www.hellweg-badsysteme.de\/cs\/"},{"@type":"ListItem","position":2,"name":"Infot\u00e9ka","item":"https:\/\/www.hellweg-badsysteme.de\/cs\/infoteka\/"},{"@type":"ListItem","position":3,"name":"Ke sta\u017een\u00ed","item":"https:\/\/www.hellweg-badsysteme.de\/cs\/infoteka\/ke-stazeni\/"},{"@type":"ListItem","position":4,"name":"Unternehmensflyer interaktiv"}]},{"@type":"WebSite","@id":"https:\/\/www.hellweg-badsysteme.de\/cs\/#website","url":"https:\/\/www.hellweg-badsysteme.de\/cs\/","name":"HBS Hellweg-Badsysteme GmbH","description":"Wir vertreiben europaweit Fertigb\u00e4der in allen Ausf\u00fchrungen \u2013 von einfach bis luxuri\u00f6s.","publisher":{"@id":"https:\/\/www.hellweg-badsysteme.de\/cs\/#organization"},"potentialAction":[{"@type":"SearchAction","target":{"@type":"EntryPoint","urlTemplate":"https:\/\/www.hellweg-badsysteme.de\/cs\/?s={search_term_string}"},"query-input":{"@type":"PropertyValueSpecification","valueRequired":true,"valueName":"search_term_string"}}],"inLanguage":"cs"},{"@type":"Organization","@id":"https:\/\/www.hellweg-badsysteme.de\/cs\/#organization","name":"Hellweg Badsysteme","url":"https:\/\/www.hellweg-badsysteme.de\/cs\/","logo":{"@type":"ImageObject","inLanguage":"cs","@id":"https:\/\/www.hellweg-badsysteme.de\/cs\/#\/schema\/logo\/image\/","url":"https:\/\/www.hellweg-badsysteme.de\/wp-content\/uploads\/2022\/04\/HBS_final.png","contentUrl":"https:\/\/www.hellweg-badsysteme.de\/wp-content\/uploads\/2022\/04\/HBS_final.png","width":2147,"height":356,"caption":"Hellweg Badsysteme"},"image":{"@id":"https:\/\/www.hellweg-badsysteme.de\/cs\/#\/schema\/logo\/image\/"},"sameAs":["https:\/\/business.facebook.com\/hebergerbau\/","https:\/\/x.com\/HEBERGER_Gruppe"]}]}},"_links":{"self":[{"href":"https:\/\/www.hellweg-badsysteme.de\/cs\/wp-json\/wp\/v2\/pages\/12576","targetHints":{"allow":["GET"]}}],"collection":[{"href":"https:\/\/www.hellweg-badsysteme.de\/cs\/wp-json\/wp\/v2\/pages"}],"about":[{"href":"https:\/\/www.hellweg-badsysteme.de\/cs\/wp-json\/wp\/v2\/types\/page"}],"author":[{"embeddable":true,"href":"https:\/\/www.hellweg-badsysteme.de\/cs\/wp-json\/wp\/v2\/users\/14"}],"replies":[{"embeddable":true,"href":"https:\/\/www.hellweg-badsysteme.de\/cs\/wp-json\/wp\/v2\/comments?post=12576"}],"version-history":[{"count":2,"href":"https:\/\/www.hellweg-badsysteme.de\/cs\/wp-json\/wp\/v2\/pages\/12576\/revisions"}],"predecessor-version":[{"id":12578,"href":"https:\/\/www.hellweg-badsysteme.de\/cs\/wp-json\/wp\/v2\/pages\/12576\/revisions\/12578"}],"up":[{"embeddable":true,"href":"https:\/\/www.hellweg-badsysteme.de\/cs\/wp-json\/wp\/v2\/pages\/12570"}],"wp:attachment":[{"href":"https:\/\/www.hellweg-badsysteme.de\/cs\/wp-json\/wp\/v2\/media?parent=12576"}],"curies":[{"name":"wp","href":"https:\/\/api.w.org\/{rel}","templated":true}]}}