{"id":12408,"date":"2022-01-13T12:03:05","date_gmt":"2022-01-13T11:03:05","guid":{"rendered":"https:\/\/www.hellweg-badsysteme.de\/vorteile-fertigbad\/"},"modified":"2022-11-03T13:50:55","modified_gmt":"2022-11-03T12:50:55","slug":"vyhody","status":"publish","type":"page","link":"https:\/\/www.hellweg-badsysteme.de\/cs\/vyhody\/","title":{"rendered":"V\u00fdhody"},"content":{"rendered":"","protected":false},"excerpt":{"rendered":"","protected":false},"author":14,"featured_media":0,"parent":0,"menu_order":0,"comment_status":"closed","ping_status":"closed","template":"","meta":{"_acf_changed":false,"footnotes":""},"class_list":["post-12408","page","type-page","status-publish","hentry"],"acf":[],"yoast_head":"<!-- This site is optimized with the Yoast SEO plugin v23.8 - https:\/\/yoast.com\/wordpress\/plugins\/seo\/ -->\n<title>V\u00fdhody - HBS Hellweg-Badsysteme GmbH<\/title>\n<meta name=\"description\" content=\"Unser Fertigbad ist eine preisg\u00fcnstige Alternative zum herk\u00f6mmlichen Bad. Ob modern oder gehoben exklusiv, wir entwerfen nach Ihren Vorgaben.\" \/>\n<meta name=\"robots\" content=\"index, follow, max-snippet:-1, max-image-preview:large, max-video-preview:-1\" \/>\n<link rel=\"canonical\" href=\"https:\/\/www.hellweg-badsysteme.de\/cs\/vyhody\/\" \/>\n<meta property=\"og:locale\" content=\"cs_CZ\" \/>\n<meta property=\"og:type\" content=\"article\" \/>\n<meta property=\"og:title\" content=\"V\u00fdhody - HBS Hellweg-Badsysteme GmbH\" \/>\n<meta property=\"og:description\" content=\"Unser Fertigbad ist eine preisg\u00fcnstige Alternative zum herk\u00f6mmlichen Bad. Ob modern oder gehoben exklusiv, wir entwerfen nach Ihren Vorgaben.\" \/>\n<meta property=\"og:url\" content=\"https:\/\/www.hellweg-badsysteme.de\/cs\/vyhody\/\" \/>\n<meta property=\"og:site_name\" content=\"HBS Hellweg-Badsysteme GmbH\" \/>\n<meta property=\"article:publisher\" content=\"https:\/\/business.facebook.com\/hebergerbau\/\" \/>\n<meta property=\"article:modified_time\" content=\"2022-11-03T12:50:55+00:00\" \/>\n<meta name=\"twitter:card\" content=\"summary_large_image\" \/>\n<meta name=\"twitter:site\" content=\"@HEBERGER_Gruppe\" \/>\n<script type=\"application\/ld+json\" class=\"yoast-schema-graph\">{\"@context\":\"https:\/\/schema.org\",\"@graph\":[{\"@type\":\"WebPage\",\"@id\":\"https:\/\/www.hellweg-badsysteme.de\/cs\/vyhody\/\",\"url\":\"https:\/\/www.hellweg-badsysteme.de\/cs\/vyhody\/\",\"name\":\"V\u00fdhody - HBS Hellweg-Badsysteme GmbH\",\"isPartOf\":{\"@id\":\"https:\/\/www.hellweg-badsysteme.de\/cs\/#website\"},\"datePublished\":\"2022-01-13T11:03:05+00:00\",\"dateModified\":\"2022-11-03T12:50:55+00:00\",\"description\":\"Unser Fertigbad ist eine preisg\u00fcnstige Alternative zum herk\u00f6mmlichen Bad. Ob modern oder gehoben exklusiv, wir entwerfen nach Ihren Vorgaben.\",\"breadcrumb\":{\"@id\":\"https:\/\/www.hellweg-badsysteme.de\/cs\/vyhody\/#breadcrumb\"},\"inLanguage\":\"cs\",\"potentialAction\":[{\"@type\":\"ReadAction\",\"target\":[\"https:\/\/www.hellweg-badsysteme.de\/cs\/vyhody\/\"]}]},{\"@type\":\"BreadcrumbList\",\"@id\":\"https:\/\/www.hellweg-badsysteme.de\/cs\/vyhody\/#breadcrumb\",\"itemListElement\":[{\"@type\":\"ListItem\",\"position\":1,\"name\":\"Startseite\",\"item\":\"https:\/\/www.hellweg-badsysteme.de\/cs\/\"},{\"@type\":\"ListItem\",\"position\":2,\"name\":\"V\u00fdhody\"}]},{\"@type\":\"WebSite\",\"@id\":\"https:\/\/www.hellweg-badsysteme.de\/cs\/#website\",\"url\":\"https:\/\/www.hellweg-badsysteme.de\/cs\/\",\"name\":\"HBS Hellweg-Badsysteme GmbH\",\"description\":\"Wir vertreiben europaweit Fertigb\u00e4der in allen Ausf\u00fchrungen \u2013 von einfach bis luxuri\u00f6s.\",\"publisher\":{\"@id\":\"https:\/\/www.hellweg-badsysteme.de\/cs\/#organization\"},\"potentialAction\":[{\"@type\":\"SearchAction\",\"target\":{\"@type\":\"EntryPoint\",\"urlTemplate\":\"https:\/\/www.hellweg-badsysteme.de\/cs\/?s={search_term_string}\"},\"query-input\":{\"@type\":\"PropertyValueSpecification\",\"valueRequired\":true,\"valueName\":\"search_term_string\"}}],\"inLanguage\":\"cs\"},{\"@type\":\"Organization\",\"@id\":\"https:\/\/www.hellweg-badsysteme.de\/cs\/#organization\",\"name\":\"Hellweg Badsysteme\",\"url\":\"https:\/\/www.hellweg-badsysteme.de\/cs\/\",\"logo\":{\"@type\":\"ImageObject\",\"inLanguage\":\"cs\",\"@id\":\"https:\/\/www.hellweg-badsysteme.de\/cs\/#\/schema\/logo\/image\/\",\"url\":\"https:\/\/www.hellweg-badsysteme.de\/wp-content\/uploads\/2022\/04\/HBS_final.png\",\"contentUrl\":\"https:\/\/www.hellweg-badsysteme.de\/wp-content\/uploads\/2022\/04\/HBS_final.png\",\"width\":2147,\"height\":356,\"caption\":\"Hellweg Badsysteme\"},\"image\":{\"@id\":\"https:\/\/www.hellweg-badsysteme.de\/cs\/#\/schema\/logo\/image\/\"},\"sameAs\":[\"https:\/\/business.facebook.com\/hebergerbau\/\",\"https:\/\/x.com\/HEBERGER_Gruppe\"]}]}<\/script>\n<!-- \/ Yoast SEO plugin. -->","yoast_head_json":{"title":"V\u00fdhody - HBS Hellweg-Badsysteme GmbH","description":"Unser Fertigbad ist eine preisg\u00fcnstige Alternative zum herk\u00f6mmlichen Bad. Ob modern oder gehoben exklusiv, wir entwerfen nach Ihren Vorgaben.","robots":{"index":"index","follow":"follow","max-snippet":"max-snippet:-1","max-image-preview":"max-image-preview:large","max-video-preview":"max-video-preview:-1"},"canonical":"https:\/\/www.hellweg-badsysteme.de\/cs\/vyhody\/","og_locale":"cs_CZ","og_type":"article","og_title":"V\u00fdhody - HBS Hellweg-Badsysteme GmbH","og_description":"Unser Fertigbad ist eine preisg\u00fcnstige Alternative zum herk\u00f6mmlichen Bad. Ob modern oder gehoben exklusiv, wir entwerfen nach Ihren Vorgaben.","og_url":"https:\/\/www.hellweg-badsysteme.de\/cs\/vyhody\/","og_site_name":"HBS Hellweg-Badsysteme GmbH","article_publisher":"https:\/\/business.facebook.com\/hebergerbau\/","article_modified_time":"2022-11-03T12:50:55+00:00","twitter_card":"summary_large_image","twitter_site":"@HEBERGER_Gruppe","schema":{"@context":"https:\/\/schema.org","@graph":[{"@type":"WebPage","@id":"https:\/\/www.hellweg-badsysteme.de\/cs\/vyhody\/","url":"https:\/\/www.hellweg-badsysteme.de\/cs\/vyhody\/","name":"V\u00fdhody - HBS Hellweg-Badsysteme GmbH","isPartOf":{"@id":"https:\/\/www.hellweg-badsysteme.de\/cs\/#website"},"datePublished":"2022-01-13T11:03:05+00:00","dateModified":"2022-11-03T12:50:55+00:00","description":"Unser Fertigbad ist eine preisg\u00fcnstige Alternative zum herk\u00f6mmlichen Bad. Ob modern oder gehoben exklusiv, wir entwerfen nach Ihren Vorgaben.","breadcrumb":{"@id":"https:\/\/www.hellweg-badsysteme.de\/cs\/vyhody\/#breadcrumb"},"inLanguage":"cs","potentialAction":[{"@type":"ReadAction","target":["https:\/\/www.hellweg-badsysteme.de\/cs\/vyhody\/"]}]},{"@type":"BreadcrumbList","@id":"https:\/\/www.hellweg-badsysteme.de\/cs\/vyhody\/#breadcrumb","itemListElement":[{"@type":"ListItem","position":1,"name":"Startseite","item":"https:\/\/www.hellweg-badsysteme.de\/cs\/"},{"@type":"ListItem","position":2,"name":"V\u00fdhody"}]},{"@type":"WebSite","@id":"https:\/\/www.hellweg-badsysteme.de\/cs\/#website","url":"https:\/\/www.hellweg-badsysteme.de\/cs\/","name":"HBS Hellweg-Badsysteme GmbH","description":"Wir vertreiben europaweit Fertigb\u00e4der in allen Ausf\u00fchrungen \u2013 von einfach bis luxuri\u00f6s.","publisher":{"@id":"https:\/\/www.hellweg-badsysteme.de\/cs\/#organization"},"potentialAction":[{"@type":"SearchAction","target":{"@type":"EntryPoint","urlTemplate":"https:\/\/www.hellweg-badsysteme.de\/cs\/?s={search_term_string}"},"query-input":{"@type":"PropertyValueSpecification","valueRequired":true,"valueName":"search_term_string"}}],"inLanguage":"cs"},{"@type":"Organization","@id":"https:\/\/www.hellweg-badsysteme.de\/cs\/#organization","name":"Hellweg Badsysteme","url":"https:\/\/www.hellweg-badsysteme.de\/cs\/","logo":{"@type":"ImageObject","inLanguage":"cs","@id":"https:\/\/www.hellweg-badsysteme.de\/cs\/#\/schema\/logo\/image\/","url":"https:\/\/www.hellweg-badsysteme.de\/wp-content\/uploads\/2022\/04\/HBS_final.png","contentUrl":"https:\/\/www.hellweg-badsysteme.de\/wp-content\/uploads\/2022\/04\/HBS_final.png","width":2147,"height":356,"caption":"Hellweg Badsysteme"},"image":{"@id":"https:\/\/www.hellweg-badsysteme.de\/cs\/#\/schema\/logo\/image\/"},"sameAs":["https:\/\/business.facebook.com\/hebergerbau\/","https:\/\/x.com\/HEBERGER_Gruppe"]}]}},"_links":{"self":[{"href":"https:\/\/www.hellweg-badsysteme.de\/cs\/wp-json\/wp\/v2\/pages\/12408","targetHints":{"allow":["GET"]}}],"collection":[{"href":"https:\/\/www.hellweg-badsysteme.de\/cs\/wp-json\/wp\/v2\/pages"}],"about":[{"href":"https:\/\/www.hellweg-badsysteme.de\/cs\/wp-json\/wp\/v2\/types\/page"}],"author":[{"embeddable":true,"href":"https:\/\/www.hellweg-badsysteme.de\/cs\/wp-json\/wp\/v2\/users\/14"}],"replies":[{"embeddable":true,"href":"https:\/\/www.hellweg-badsysteme.de\/cs\/wp-json\/wp\/v2\/comments?post=12408"}],"version-history":[{"count":4,"href":"https:\/\/www.hellweg-badsysteme.de\/cs\/wp-json\/wp\/v2\/pages\/12408\/revisions"}],"predecessor-version":[{"id":12416,"href":"https:\/\/www.hellweg-badsysteme.de\/cs\/wp-json\/wp\/v2\/pages\/12408\/revisions\/12416"}],"wp:attachment":[{"href":"https:\/\/www.hellweg-badsysteme.de\/cs\/wp-json\/wp\/v2\/media?parent=12408"}],"curies":[{"name":"wp","href":"https:\/\/api.w.org\/{rel}","templated":true}]}}